{"id":101,"date":"2022-08-20T15:57:16","date_gmt":"2022-08-20T13:57:16","guid":{"rendered":"https:\/\/www.daffodils.ch\/?page_id=101"},"modified":"2026-03-02T20:42:35","modified_gmt":"2026-03-02T19:42:35","slug":"unser-chor","status":"publish","type":"page","link":"https:\/\/www.daffodils.ch\/index.php\/ueber-uns\/unser-chor\/","title":{"rendered":"\u00dcs\u00e4 Chor"},"content":{"rendered":"\n<div class=\"wp-block-cover alignfull is-light\"><img loading=\"lazy\" decoding=\"async\" width=\"1000\" height=\"666\" class=\"wp-block-cover__image-background wp-image-214\" alt=\"\" src=\"https:\/\/www.daffodils.ch\/wp-content\/uploads\/2022\/10\/Uesae_Chor.jpg\" data-object-fit=\"cover\" srcset=\"https:\/\/www.daffodils.ch\/wp-content\/uploads\/2022\/10\/Uesae_Chor.jpg 1000w, https:\/\/www.daffodils.ch\/wp-content\/uploads\/2022\/10\/Uesae_Chor-300x200.jpg 300w, https:\/\/www.daffodils.ch\/wp-content\/uploads\/2022\/10\/Uesae_Chor-768x511.jpg 768w, https:\/\/www.daffodils.ch\/wp-content\/uploads\/2022\/10\/Uesae_Chor-900x599.jpg 900w, https:\/\/www.daffodils.ch\/wp-content\/uploads\/2022\/10\/Uesae_Chor-500x333.jpg 500w\" sizes=\"auto, (max-width: 1000px) 100vw, 1000px\" \/><span aria-hidden=\"true\" class=\"wp-block-cover__background has-background-dim\"><\/span><div class=\"wp-block-cover__inner-container is-layout-flow wp-block-cover-is-layout-flow\">\n<p class=\"has-text-align-left has-white-color has-text-color\">Unser Hobby ist die Musik. Unsere Passion, Sie daf\u00fcr zu begeistern!<\/p>\n\n\n\n<p class=\"has-text-align-left has-white-color has-text-color\">The Daffodils bestehen aus 25 gesangsfreudigen Frauen und M\u00e4nnern, die sich jeweils am Donnerstagabend zur Probe in Eschenbach SG treffen. Unser Repertoire beinhaltet Songs aus den unterschiedlichsten Stilrichtungen \u2013 von Pop und Jazz \u00fcber Filmmusik bis hin zu afrikanischen Volksliedern \u2013 und wird fortlaufend erweitert.<\/p>\n\n\n\n<p class=\"has-text-align-left has-white-color has-text-color\">Das Singen f\u00fcr uns in der Gruppe ist zwar eine sch\u00f6ne Freizeitbesch\u00e4ftigung, noch mehr Spass machen uns jedoch Auftritte vor Publikum. Aus diesem Grund geben wir regelm\u00e4ssig Konzerte und treten an verschiedenen privaten sowie \u00f6ffentlichen Anl\u00e4ssen auf. Im Laufe der letzten Jahre durften wir zahlreiche Hochzeiten gesanglich untermalen. Aber auch Firmenanl\u00e4sse, Geburtstage und Weihnachtsm\u00e4rkte waren und sind immer wieder willkommene Gelegenheiten unsere Leidenschaft mit anderen zu teilen.<\/p>\n\n\n\n<p class=\"has-text-align-left has-white-color has-text-color\">Planen auch Sie einen Event, ganz gleich welcher Art, und suchen Sie noch die passende musikalische Begleitung?<\/p>\n\n\n\n<p class=\"has-text-align-left has-white-color has-text-color\">Z\u00f6gern Sie nicht, rufen Sie uns an oder schreiben Sie ganz einfach eine E-Mail! (siehe Kontakt) <\/p>\n\n\n\n<p class=\"has-text-align-left has-white-color has-text-color\">Infoseite Gemeinde Eschenbach: <a href=\"https:\/\/gemeinde-schweiz.ch\/kanton-st-gallen\/eschenbach\/\" target=\"_blank\" rel=\"noreferrer noopener\">https:\/\/gemeinde-schweiz.ch\/kanton-st-gallen\/eschenbach\/<\/a><\/p>\n<\/div><\/div>\n","protected":false},"excerpt":{"rendered":"","protected":false},"author":2,"featured_media":0,"parent":2,"menu_order":1,"comment_status":"closed","ping_status":"closed","template":"","meta":{"footnotes":""},"class_list":{"0":"post-101","1":"page","2":"type-page","3":"status-publish","5":"col-md-12"},"_links":{"self":[{"href":"https:\/\/www.daffodils.ch\/index.php\/wp-json\/wp\/v2\/pages\/101","targetHints":{"allow":["GET"]}}],"collection":[{"href":"https:\/\/www.daffodils.ch\/index.php\/wp-json\/wp\/v2\/pages"}],"about":[{"href":"https:\/\/www.daffodils.ch\/index.php\/wp-json\/wp\/v2\/types\/page"}],"author":[{"embeddable":true,"href":"https:\/\/www.daffodils.ch\/index.php\/wp-json\/wp\/v2\/users\/2"}],"replies":[{"embeddable":true,"href":"https:\/\/www.daffodils.ch\/index.php\/wp-json\/wp\/v2\/comments?post=101"}],"version-history":[{"count":12,"href":"https:\/\/www.daffodils.ch\/index.php\/wp-json\/wp\/v2\/pages\/101\/revisions"}],"predecessor-version":[{"id":830,"href":"https:\/\/www.daffodils.ch\/index.php\/wp-json\/wp\/v2\/pages\/101\/revisions\/830"}],"up":[{"embeddable":true,"href":"https:\/\/www.daffodils.ch\/index.php\/wp-json\/wp\/v2\/pages\/2"}],"wp:attachment":[{"href":"https:\/\/www.daffodils.ch\/index.php\/wp-json\/wp\/v2\/media?parent=101"}],"curies":[{"name":"wp","href":"https:\/\/api.w.org\/{rel}","templated":true}]}}