{"id":133,"date":"2022-08-20T16:26:30","date_gmt":"2022-08-20T14:26:30","guid":{"rendered":"https:\/\/www.daffodils.ch\/?page_id=133"},"modified":"2023-05-24T20:12:32","modified_gmt":"2023-05-24T18:12:32","slug":"gschicht","status":"publish","type":"page","link":"https:\/\/www.daffodils.ch\/index.php\/verbii\/gschicht\/","title":{"rendered":"Gschicht"},"content":{"rendered":"\n<figure class=\"wp-block-image alignwide size-full\"><img loading=\"lazy\" decoding=\"async\" width=\"803\" height=\"527\" src=\"https:\/\/www.daffodils.ch\/wp-content\/uploads\/2022\/12\/Kinder_Jugendchor_Anfangszeit.png\" alt=\"\" class=\"wp-image-415\" srcset=\"https:\/\/www.daffodils.ch\/wp-content\/uploads\/2022\/12\/Kinder_Jugendchor_Anfangszeit.png 803w, https:\/\/www.daffodils.ch\/wp-content\/uploads\/2022\/12\/Kinder_Jugendchor_Anfangszeit-300x197.png 300w, https:\/\/www.daffodils.ch\/wp-content\/uploads\/2022\/12\/Kinder_Jugendchor_Anfangszeit-768x504.png 768w, https:\/\/www.daffodils.ch\/wp-content\/uploads\/2022\/12\/Kinder_Jugendchor_Anfangszeit-500x328.png 500w\" sizes=\"auto, (max-width: 803px) 100vw, 803px\" \/><\/figure>\n\n\n\n<figure class=\"wp-block-table alignwide\"><table><tbody><tr><td class=\"has-text-align-left\" data-align=\"left\">Im Sommer 1992 hat Peter Reichen an einem Mittwochnachmittag zur ersten Chorprobe eingeladen. Er war der damalige Leiter der Jugendmusikschule und hat den Chor ins Leben gerufen. Von den Gr\u00fcndungsmitgliedern ist heute noch eine Hand voll dabei. Nach einigen Proben wurde die Gruppe in einen Kinder- und einen Jugendchor geteilt, sp\u00e4ter bildete man aus den Oberstufensch\u00fclern noch den Teenagerchor.<br>Als Jugendchor Eschenbach hatten wir verschiedene Engagements. Zuerst waren das vor allem Auftritte wie Sch\u00fclerkonzerte oder \u201eTage der offenen T\u00fcr\u201c an der Jugendmusikschule. Mit der Zeit erhielten wir dann Engagements f\u00fcr Privat- und Firmenanl\u00e4sse, wobei sich eine Vorliebe f\u00fcr Hochzeiten herauskristallisierte.<\/td><\/tr><\/tbody><\/table><\/figure>\n\n\n\n<figure class=\"wp-block-table alignwide\"><table><tbody><tr><td><img decoding=\"async\" src=\"https:\/\/www.daffodils.ch\/wp-content\/uploads\/2022\/11\/Tarzisius-1.jpg\" alt=\"\" style=\"width: 1700px;\"><\/td><td>Nach dem Ausstieg von Peter Reichen haben wir uns \u00fcber ein Jahr ohne Chorleiter durchgeschlagen, bis im Sommer 2001 Tarzisius Pfiffner als neuer Chorleiter zu uns kam. Obwohl er uns als einen ziemlich undisziplinierten Haufen \u00fcbernommen hat, konnten wir unter seiner Leitung schliesslich einige gesangliche Erfolge feiern. Als Highlights bleiben die 2 Silbermedaillen an der Chorolympiade 2004 in Bremen sowie der Sieg am Sing it Contest in Zollikon in Erinnerung. Ausserdem haben wir uns damals den Namen \u201eThe Daffodils\u201c zugelegt.<\/td><\/tr><\/tbody><\/table><\/figure>\n\n\n\n<figure class=\"wp-block-table alignwide\"><table><tbody><tr><td>Nach f\u00fcnfj\u00e4hriger Zusammenarbeit trennten sich die Wege von The Daffodils und dem damaligen Chorleiter. An einem Probedirigat im Jahr 2006 hat sich Jann Burgstaller als neuer Dirigent durchgesetzt und frischen Wind in unsere Runde gebracht. Die Freude am Singen r\u00fcckte neben dem ambitionierten \u00dcben wieder ins Zentrum und unser Repertoire an Gospels bekam mit Pop- und Jazzsongs ein neues Gesicht. Unter Jann\u2018s Leitung haben wir zwei Grosskonzerte gegeben (\u201espring for everyone\u201c, 2007 und \u201esing for a smile\u201c, 2009).<br>2006 stellte sich aber aus einem ganz anderen Grund als Schl\u00fcsseljahr heraus. Wir entschieden uns n\u00e4mlich f\u00fcr die Abl\u00f6sung von der Jugendmusikschule und gr\u00fcndeten unseren eigenen Verein.<br>Da es unseren jungen Dirigenten nach vier tollen Vereinsjahren weiter zog, um neue private und berufliche Erfahrungen zu sammeln, mussten wir uns erneut auf die Suche nach einem Chorleiter begeben.<\/td><td><\/td><\/tr><\/tbody><\/table><\/figure>\n\n\n\n<figure class=\"wp-block-table alignwide\"><table><tbody><tr><td><img decoding=\"async\" class=\"wp-image-426\" style=\"width: NaNpx;\" src=\"https:\/\/www.daffodils.ch\/wp-content\/uploads\/2023\/02\/Foto_Julia_Gloor.pdf\" alt=\"\"><img loading=\"lazy\" decoding=\"async\" width=\"1000\" height=\"1138\" class=\"wp-image-428\" style=\"width: 1000px;\" src=\"https:\/\/www.daffodils.ch\/wp-content\/uploads\/2023\/02\/julia.png\" alt=\"\"><\/td><td>Schliesslich entschieden wir uns f\u00fcr Julia Gloor, die unseren Chorklang mit ihrem grossen musikalischen Erfahrungsschatz nochmals ein ziemliches St\u00fcck weiter entwickeln konnte. Im Fr\u00fchling 2011 gaben wir gemeinsam mit dem Gospelchor Steibrugg aus Volketswil (ebenfalls unter Julia\u2019s Leitung) ein Doppelkonzert, das leider gleichzeitig wieder eine Trennung mit sich zog.<\/td><\/tr><\/tbody><\/table><\/figure>\n\n\n\n<figure class=\"wp-block-table alignwide\"><table><tbody><tr><td>Noch im selben Jahr landeten wir mit Fabian Auchter einen Gl\u00fcckstreffer. An Proben und Auftritten brachte er nicht nur die richtige Mischung an Humor und Disziplin mit, sondern engagierte sich auch mit Leib und Seele. <br>An unsere tollen gemeinsamen Konzerte wie &#171;Colours of Disney&#187; (2013), &#171;Quer dur d&#8216; Schwiiz&#187; (2015) oder &#171;Movie Night&#187; (2018) erinnern wir uns sehr gerne!<\/td><td><img decoding=\"async\" src=\"https:\/\/www.daffodils.ch\/wp-content\/uploads\/2022\/11\/Fabian-1-681x1024.jpg\" alt=\"\" style=\"width: 800px;\"><\/td><\/tr><\/tbody><\/table><\/figure>\n\n\n\n<figure class=\"wp-block-table alignwide\"><table><tbody><tr><td><img decoding=\"async\" src=\"https:\/\/www.daffodils.ch\/wp-content\/uploads\/2022\/11\/1910-Igor-Marinkovic-Portraits7799-large-4800-1024x683.jpg\" alt=\"\" style=\"width: 1500px;\"><\/td><td>Ab November 2019 waren wir mit Igor Marinkovi\u0107 unterwegs. Nach einem durch Corona erschwerten Start durften wir das Jahr 2021 mit einem tollen Kirchenkonzert abschliessen. Igors sp\u00fcrbare Begeisterung f\u00fcr die Musik war ansteckend und er brachte mit seinen Liedervorschl\u00e4gen eine sch\u00f6ne Abwechslung in die Chorproben. Aus privaten Gr\u00fcnden musste er unseren Chor leider gegen Ende 2022 schweren Herzens wieder abgeben.<\/td><\/tr><\/tbody><\/table><\/figure>\n","protected":false},"excerpt":{"rendered":"<p>Im Sommer 1992 hat Peter Reichen an einem Mittwochnachmittag zur ersten Chorprobe eingeladen. Er war der damalige Leiter der Jugendmusikschule und hat den Chor ins Leben gerufen. Von [&hellip;]<\/p>\n","protected":false},"author":2,"featured_media":0,"parent":30,"menu_order":4,"comment_status":"closed","ping_status":"closed","template":"","meta":{"footnotes":""},"class_list":{"0":"post-133","1":"page","2":"type-page","3":"status-publish","5":"col-md-12"},"_links":{"self":[{"href":"https:\/\/www.daffodils.ch\/index.php\/wp-json\/wp\/v2\/pages\/133","targetHints":{"allow":["GET"]}}],"collection":[{"href":"https:\/\/www.daffodils.ch\/index.php\/wp-json\/wp\/v2\/pages"}],"about":[{"href":"https:\/\/www.daffodils.ch\/index.php\/wp-json\/wp\/v2\/types\/page"}],"author":[{"embeddable":true,"href":"https:\/\/www.daffodils.ch\/index.php\/wp-json\/wp\/v2\/users\/2"}],"replies":[{"embeddable":true,"href":"https:\/\/www.daffodils.ch\/index.php\/wp-json\/wp\/v2\/comments?post=133"}],"version-history":[{"count":10,"href":"https:\/\/www.daffodils.ch\/index.php\/wp-json\/wp\/v2\/pages\/133\/revisions"}],"predecessor-version":[{"id":483,"href":"https:\/\/www.daffodils.ch\/index.php\/wp-json\/wp\/v2\/pages\/133\/revisions\/483"}],"up":[{"embeddable":true,"href":"https:\/\/www.daffodils.ch\/index.php\/wp-json\/wp\/v2\/pages\/30"}],"wp:attachment":[{"href":"https:\/\/www.daffodils.ch\/index.php\/wp-json\/wp\/v2\/media?parent=133"}],"curies":[{"name":"wp","href":"https:\/\/api.w.org\/{rel}","templated":true}]}}