{"id":3,"date":"2022-01-13T16:24:29","date_gmt":"2022-01-13T15:24:29","guid":{"rendered":"https:\/\/www.daffodils.ch\/?page_id=3"},"modified":"2024-04-11T21:08:27","modified_gmt":"2024-04-11T19:08:27","slug":"datenschutzerklaerung","status":"publish","type":"page","link":"https:\/\/www.daffodils.ch\/index.php\/datenschutzerklaerung\/","title":{"rendered":"Datenschutzerkl\u00e4rung"},"content":{"rendered":"\n<h2 class=\"wp-block-heading\">Wer wir sind<\/h2>\n\n\n\n<p>Wir, The Daffodils, sind ein gemischter Chor und in Eschenbach SG zu Hause. Die Adresse unserer Website ist: https:\/\/www.thedaffodils.ch respektive https:\/\/www.daffodils.ch.<\/p>\n\n\n\n<p>Unsere physische Adresse lautet:<br>The Daffodils<br>8733 Eschenbach SG<br>Schweiz<\/p>\n\n\n\n<h2 class=\"wp-block-heading\">Cookies<\/h2>\n\n\n\n<p>Unsere Website setzt zu verschiedenen Zwecken in Ihrem Browser Cookies. So z.B. um festzustellen, ob Ihr Browser Cookies akzeptiert oder um Anzeigeeinstellungen zu speichern. Diese Cookies enthalten keine personenbezogenen Daten und k\u00f6nnen verworfen werden, wenn Sie Ihren Browser schliessen.<\/p>\n\n\n\n<p>Wir nutzen in Formularen die Funktionen von hCaptcha.com, um zu vermeiden, dass die Formulare von Spam-Robotern ausgef\u00fcllt werden. hCaptcha.com setzt seinerseits Cookies um die Funktion der Spamverhinderung zu erf\u00fcllen.<\/p>\n\n\n\n<p>Wir nutzen keine Nutzungsanalyse-Werkzeuge, welche die Verfolgung (Tracking) Ihres Surf-Verhaltens erm\u00f6glichen.<\/p>\n\n\n\n<h2 class=\"wp-block-heading\">Eingebettete Inhalte von anderen Websites<\/h2>\n\n\n\n<p>Beitr\u00e4ge auf dieser Website k\u00f6nnen eingebettete Inhalte beinhalten (z.B. Videos, Bilder, Beitr\u00e4ge etc.). Wir verwenden eingebettete Inhalte zur\u00fcckhaltend. Eingebettete Inhalte von anderen Websites verhalten sich exakt so, als ob Sie die andere Website besucht h\u00e4tten.<\/p>\n\n\n\n<p>Diese Websites k\u00f6nnen Daten \u00fcber Sie sammeln, Cookies benutzen, zus\u00e4tzliche Tracking-Dienste von Dritten einbetten und Ihre Interaktion mit diesem eingebetteten Inhalt aufzeichnen.<\/p>\n\n\n\n<h2 class=\"wp-block-heading\">Welche Daten Wir sammeln<\/h2>\n\n\n\n<p>Wir erheben grunds\u00e4tzlich keine Daten zu Ihnen oder Ihrem Surfverhalten. Entsprechend teilen wir Ihre Daten auch nicht mit Dritten.<\/p>\n\n\n\n<p>Einzige Ausnahme bilden die Formulare, mit denen Sie mit uns in Kontakt treten k\u00f6nnen. Mit jedem Formular erheben wir nur diejenigen Daten, die f\u00fcr den Zweck des Formulars n\u00f6tig sind.<\/p>\n\n\n\n<h2 class=\"wp-block-heading\">Wie lange wir Ihre Daten speichern<\/h2>\n\n\n\n<p>Die von Ihnen an uns \u00fcbermittelten Daten speichern wir nur so lange, wie es im Sinne des Anliegens n\u00f6tig ist. Die L\u00f6schung der Daten erfolgt in unregelm\u00e4ssigen Abst\u00e4nden. Wenn Sie die L\u00f6schung eines Formular-Eintrages w\u00fcnschen, teilen Sie uns dies bitte \u00fcber das Formular auf <a href=\"https:\/\/www.daffodils.ch\/index.php\/kontakt\/\" data-type=\"page\" data-id=\"32\">Kontakt<\/a> mit (Dies mag unlogisch klingen, ist jedoch der einfachste Weg zum Ziel).<\/p>\n\n\n\n<h2 class=\"wp-block-heading\">Wohin wir Ihre Daten senden<\/h2>\n\n\n\n<p>Wir nutzen das Plugin WPForms zur Bereitstellung der Formulare sowie dessen Anti-Spam-Funktionen. Zur Spam-Erkennung k\u00f6nnen Ihre Formular-Eingaben durch WPForms untersucht werden. <\/p>\n","protected":false},"excerpt":{"rendered":"<p>Wer wir sind Wir, The Daffodils, sind ein gemischter Chor und in Eschenbach SG zu Hause. Die Adresse unserer Website ist: https:\/\/www.thedaffodils.ch respektive https:\/\/www.daffodils.ch. Unsere physische Adresse lautet:The [&hellip;]<\/p>\n","protected":false},"author":1,"featured_media":0,"parent":0,"menu_order":0,"comment_status":"closed","ping_status":"closed","template":"","meta":{"footnotes":""},"class_list":{"0":"post-3","1":"page","2":"type-page","3":"status-publish","5":"col-md-12"},"_links":{"self":[{"href":"https:\/\/www.daffodils.ch\/index.php\/wp-json\/wp\/v2\/pages\/3","targetHints":{"allow":["GET"]}}],"collection":[{"href":"https:\/\/www.daffodils.ch\/index.php\/wp-json\/wp\/v2\/pages"}],"about":[{"href":"https:\/\/www.daffodils.ch\/index.php\/wp-json\/wp\/v2\/types\/page"}],"author":[{"embeddable":true,"href":"https:\/\/www.daffodils.ch\/index.php\/wp-json\/wp\/v2\/users\/1"}],"replies":[{"embeddable":true,"href":"https:\/\/www.daffodils.ch\/index.php\/wp-json\/wp\/v2\/comments?post=3"}],"version-history":[{"count":5,"href":"https:\/\/www.daffodils.ch\/index.php\/wp-json\/wp\/v2\/pages\/3\/revisions"}],"predecessor-version":[{"id":614,"href":"https:\/\/www.daffodils.ch\/index.php\/wp-json\/wp\/v2\/pages\/3\/revisions\/614"}],"wp:attachment":[{"href":"https:\/\/www.daffodils.ch\/index.php\/wp-json\/wp\/v2\/media?parent=3"}],"curies":[{"name":"wp","href":"https:\/\/api.w.org\/{rel}","templated":true}]}}