{"id":97,"date":"2022-08-20T15:52:55","date_gmt":"2022-08-20T13:52:55","guid":{"rendered":"https:\/\/www.daffodils.ch\/?page_id=97"},"modified":"2025-10-25T15:17:09","modified_gmt":"2025-10-25T13:17:09","slug":"mitglieder","status":"publish","type":"page","link":"https:\/\/www.daffodils.ch\/index.php\/ueber-uns\/mitglieder\/","title":{"rendered":"Mitglieder"},"content":{"rendered":"\n<div class=\"wp-block-columns is-layout-flex wp-container-core-columns-is-layout-9d6595d7 wp-block-columns-is-layout-flex\">\n<div class=\"wp-block-column is-layout-flow wp-block-column-is-layout-flow\"><\/div>\n\n\n\n<div class=\"wp-block-column is-layout-flow wp-block-column-is-layout-flow\"><\/div>\n<\/div>\n\n\n\n<div class=\"wp-block-cover alignfull\"><img loading=\"lazy\" decoding=\"async\" width=\"1024\" height=\"683\" class=\"wp-block-cover__image-background wp-image-203\" alt=\"\" src=\"https:\/\/www.daffodils.ch\/wp-content\/uploads\/2022\/09\/K1BH6428-1024x683.jpg\" data-object-fit=\"cover\" srcset=\"https:\/\/www.daffodils.ch\/wp-content\/uploads\/2022\/09\/K1BH6428-1024x683.jpg 1024w, https:\/\/www.daffodils.ch\/wp-content\/uploads\/2022\/09\/K1BH6428-300x200.jpg 300w, https:\/\/www.daffodils.ch\/wp-content\/uploads\/2022\/09\/K1BH6428-768x512.jpg 768w, https:\/\/www.daffodils.ch\/wp-content\/uploads\/2022\/09\/K1BH6428-1536x1024.jpg 1536w, https:\/\/www.daffodils.ch\/wp-content\/uploads\/2022\/09\/K1BH6428-2048x1365.jpg 2048w, https:\/\/www.daffodils.ch\/wp-content\/uploads\/2022\/09\/K1BH6428-900x600.jpg 900w, https:\/\/www.daffodils.ch\/wp-content\/uploads\/2022\/09\/K1BH6428-500x333.jpg 500w\" sizes=\"auto, (max-width: 1024px) 100vw, 1024px\" \/><span aria-hidden=\"true\" class=\"wp-block-cover__background has-background-dim\"><\/span><div class=\"wp-block-cover__inner-container is-layout-flow wp-block-cover-is-layout-flow\">\n<div class=\"wp-block-columns is-layout-flex wp-container-core-columns-is-layout-9d6595d7 wp-block-columns-is-layout-flex\">\n<div class=\"wp-block-column is-layout-flow wp-block-column-is-layout-flow\">\n<p><strong>Sopran<\/strong><\/p>\n\n\n\n<p>Artho Sibylle<br>Betschart Carole<br>Elser Monica<br>Fischer Stefanie<br>Gadient Flurina<br>Gebert Gabriela<br>Gutl Beatrice<br>H\u00fcrlimann Fabienne<br>Leuenberger Karin<br>Ziegler Fr\u00e4nzi<br><\/p>\n<\/div>\n\n\n\n<div class=\"wp-block-column is-layout-flow wp-block-column-is-layout-flow\">\n<p><strong>Alt<\/strong><\/p>\n\n\n\n<p>Bartolo Doris <br>Bischof Claudia<br>Br\u00e4ndli Valeria<br>Helbling Stefanie<br>Hengartner Gabriela<br>Honegger Christine<br>Huscheck D\u00f6rthe<br>R\u00f6thenbacher Karin<br>Von Arx Christine<\/p>\n<\/div>\n<\/div>\n\n\n\n<div class=\"wp-block-columns is-layout-flex wp-container-core-columns-is-layout-9d6595d7 wp-block-columns-is-layout-flex\">\n<div class=\"wp-block-column is-layout-flow wp-block-column-is-layout-flow\">\n<p><strong>Tenor<\/strong><\/p>\n\n\n\n<p>Egli Willy<br>Hengartner Bruno<br>Wildhaber Stefan<\/p>\n<\/div>\n\n\n\n<div class=\"wp-block-column is-layout-flow wp-block-column-is-layout-flow\">\n<p><strong>Bass<\/strong><\/p>\n\n\n\n<p>Leuenberger Hans-J\u00f6rg<br>Fritsche Stefan<br>Schlegel J\u00fcrg<br>Schriber Adrian<\/p>\n<\/div>\n<\/div>\n<\/div><\/div>\n\n\n\n<p><\/p>\n","protected":false},"excerpt":{"rendered":"","protected":false},"author":2,"featured_media":0,"parent":2,"menu_order":3,"comment_status":"closed","ping_status":"closed","template":"","meta":{"footnotes":""},"class_list":{"0":"post-97","1":"page","2":"type-page","3":"status-publish","5":"col-md-12"},"_links":{"self":[{"href":"https:\/\/www.daffodils.ch\/index.php\/wp-json\/wp\/v2\/pages\/97","targetHints":{"allow":["GET"]}}],"collection":[{"href":"https:\/\/www.daffodils.ch\/index.php\/wp-json\/wp\/v2\/pages"}],"about":[{"href":"https:\/\/www.daffodils.ch\/index.php\/wp-json\/wp\/v2\/types\/page"}],"author":[{"embeddable":true,"href":"https:\/\/www.daffodils.ch\/index.php\/wp-json\/wp\/v2\/users\/2"}],"replies":[{"embeddable":true,"href":"https:\/\/www.daffodils.ch\/index.php\/wp-json\/wp\/v2\/comments?post=97"}],"version-history":[{"count":11,"href":"https:\/\/www.daffodils.ch\/index.php\/wp-json\/wp\/v2\/pages\/97\/revisions"}],"predecessor-version":[{"id":783,"href":"https:\/\/www.daffodils.ch\/index.php\/wp-json\/wp\/v2\/pages\/97\/revisions\/783"}],"up":[{"embeddable":true,"href":"https:\/\/www.daffodils.ch\/index.php\/wp-json\/wp\/v2\/pages\/2"}],"wp:attachment":[{"href":"https:\/\/www.daffodils.ch\/index.php\/wp-json\/wp\/v2\/media?parent=97"}],"curies":[{"name":"wp","href":"https:\/\/api.w.org\/{rel}","templated":true}]}}